{"id":78,"date":"2016-01-26T17:55:41","date_gmt":"2016-01-26T16:55:41","guid":{"rendered":"http:\/\/preview.objectcode.de\/winnetoo\/?page_id=78"},"modified":"2019-03-27T11:47:24","modified_gmt":"2019-03-27T10:47:24","slug":"home-2","status":"publish","type":"page","link":"https:\/\/traumgarten.de\/winnetoo\/","title":{"rendered":"home"},"content":{"rendered":"<p><\/p>\n<div class=\"page\">\n<div class=\"page-row\">\n<div class=\"page-col md-1\"><\/div>\n<div class=\"page-col md-10\">\n<div class=\"logo\"><\/div>\n<div class=\"homePriceList\">\n\n<div class='configurations-tiles-container'>\n\n    <script class=\"shortcode-config\" type='application\/json'>{\"serie\":\"privat\",\"showmaxentries\":\"41\",\"filter1\":\"- Alle Spielanlagen -, GIGA-Turm, Spielturm, Sechseckturm, Schaukel-Anlagen\",\"filter2\":\"- Anbauten filtern -, Mit Piratenschiff,  Mit Schaukel, Mit Balkon, Mit Veranda, Mit H\\u00e4ngebr\\u00fccke, Mit Holzbr\\u00fccke, Mit W\\u00e4nden,  Mit Sandkasten\",\"filter3\":\"- Kletter-und Turnelemente -, Mit Rutsche, Mit Klettersteg, Mit Kletterwand, Mit Kletternetz, Mit Sprossenwand, Mit Feuerwehrstange, Mit Reckstange, Mit Strickleiter\"}<\/script>\n\n    <script id=\"configurationTilesTemplate\" type=\"text\/x-handlebars-template\">\n        <div class=\"box\">\n\n            <h3>W\u00e4hlen Sie eine Spielanlage<\/h3>\n\n            <div id=\"list-configurations-filter-wrapper\">\n\n                <div id=\"list-configurations-filter-selectors\">\n\n                    {{#each select}}\n                    <select class=\"list-configurations-filter-selector\">\n                        {{#each .}}\n                        <option value=\"{{value}}\">{{label}}<\/option>\n                        {{\/each}}\n                    <\/select>\n                    {{\/each}}\n\n                <\/div>\n\n                <div id=\"list-configurations-filter-tiles\">\n\n                    {{#each configuration}}\n\n                    <a href=\"{{global_var 'WKFG_KONFIGURATOR_PAGE_URL'}}?Code={{Code}}\" target=\"_self\" class=\"list-configurations-filter-item\" data-tags=\"{{Tags}}\" >\n                        <div class=\"list-configurations-filter-item-image\"\n                             style=\"background-image:url({{contentUrl 'Konfiguration\/' (encodeURIComponent Code) '\/Vorderansicht.jpg'}});\"><\/div>\n                        <div>\n                            <small>\n                                <div style=\"display:table;width:100%;\">\n                                    <div style=\"display:table-row\">\n                                        <div style=\"display:table-cell\">\n                                            {{{ArtikelnummerAnzeige}}}\n                                        <\/div>\n                                        <div style=\"display:table-cell;text-align:right;white-space:nowrap;\">\n                                            {{formatPrice PreisInclMwst}}\n                                        <\/div>\n                                    <\/div>\n                                <\/div>\n                                {{Name}}\n                            <\/small>\n                        <\/div>\n                    <\/a>\n\n                    {{\/each}}\n\n                    <a href=\"{{global_var 'WKFG_KONFIGURATOR_PAGE_URL'}}?_serie={{serie}}\" target=\"_self\"  class=\"list-configurations-filter-item not-sortable\">\n                        <div class=\"list-configurations-filter-item-image\">\n                            <i class=\"fa fa-plus-circle\" style=\"font-size:130px;padding-top: 20px\"><\/i>\n                        <\/div>\n                        <div>\n                            <small>\n                                <div style=\"display:table;width:100%;\">\n                                    <div style=\"display:table-row\">\n                                        <div style=\"display:table-cell;text-align:center;\">Beginnen Sie neu!<\/div>\n                                    <\/div>\n                                <\/div>\n                                &nbsp;\n                            <\/small>\n                        <\/div>\n                    <\/a>\n\n                <\/div>\n\n            <\/div>\n        <\/div>\n    <\/script>\n<\/div>\n\n\n\n    <div class=\"box\">\n        <h3>Oder geben Sie einen Winnetoo-Code ein<\/h3>\n        <p class=\"login-username\">\n            <label for=\"user_login\">Code <\/label>\n            <input type=\"text\" name=\"Code\" id=\"Code\" class=\"input\"\n                   value=\"\"\n                   size=\"10\">\n            <input id=\"startConfigurator\" type=\"button\" value=\"\u25b6&#xFE0E; &nbsp;&nbsp; Winnetoo \u00f6ffnen\"\n                   class=\"formBtn\" onclick=\"launchConfiguratorByCode()\"\/>\n            <div style=\"clear:both;\"><\/div>\n        <\/p>\n        <script type=\"text\/javascript\">\n            function launchConfiguratorByCode() {\n                var code = $('#Code').val();\n                document.location.href = 'https:\/\/traumgarten.de\/winnetoo\/konfigurator' + (code==''?'':'?Code=' + code.toUpperCase());\n            }\n        <\/script>\n    <\/div>\n\n\n<div class=\"box loginbox\"><h3>Melden Sie sich an, um gespeicherte Planungen aufzurufen<\/h3>\n\t\t<form name=\"loginform\" id=\"loginform\" action=\"https:\/\/traumgarten.de\/winnetoo\/wp-login.php\" method=\"post\">\n\t\t\t\n\t\t\t<p class=\"login-username\">\n\t\t\t\t<label for=\"user_login\">Benutzername<\/label>\n\t\t\t\t<input type=\"text\" name=\"log\" id=\"user_login\" class=\"input\" value=\"\" size=\"20\" \/>\n\t\t\t<\/p>\n\t\t\t<p class=\"login-password\">\n\t\t\t\t<label for=\"user_pass\">Passwort<\/label>\n\t\t\t\t<input type=\"password\" name=\"pwd\" id=\"user_pass\" class=\"input\" value=\"\" size=\"20\" \/>\n\t\t\t<\/p>\n\t\t\t\n\t\t\t<p class=\"login-remember\"><label><input name=\"rememberme\" type=\"checkbox\" id=\"rememberme\" value=\"forever\" \/> angemeldet bleiben<\/label><\/p>\n\t\t\t<p class=\"login-submit\">\n\t\t\t\t<input type=\"submit\" name=\"wp-submit\" id=\"wp-submit\" class=\"button button-primary\" value=\"anmelden\" \/>\n\t\t\t\t<input type=\"hidden\" name=\"redirect_to\" value=\"https:\/\/traumgarten.de\/winnetoo\/benutzer\/\" \/>\n\t\t\t<\/p>\n\t\t\t\n\t\t<\/form><div style=\"clear:both;\"><\/div><\/div>\n<h2>Wichtige Hinweise<\/h2>\n<p>&nbsp;<\/p>\n<h3>Vom Entwurf zur Planung<\/h3>\n<p>Mit dem WINNETOO Online-Planer konfigurieren Sie eine Spielanlage f\u00fcr den privaten Gebrauch nach Ihren W\u00fcnschen.<br \/>\nAlle Konfigurationen sind Entw\u00fcrfe und m\u00fcssen f\u00fcr eine genaue Planung vom Verarbeiter gepr\u00fcft werden.<br \/>\nPlanungsrelevante Informationen finden Sie in den <a href=\"https:\/\/www.traumgarten.de\/de\/aufbauanleitungen.html?acc=f61092de-1334-ca9c-ec87-066e8f1bd37a\" target=\"_blank\">WINNETOO Montageanleitungen<\/a>.<\/p>\n<h3>Sicherheit<\/h3>\n<p>Die Sicherheit der Kinder steht immer an erster Stelle!<br \/>\nBeachten Sie die angegebenen Fallschutzr\u00e4ume und Sicherheitsabst\u00e4nde.<br \/>\nSorgen Sie f\u00fcr weichen, fallfreundlichen Boden im gesamten Spielplatzbereich.<br \/>\nKontrollieren Sie regelm\u00e4\u00dfig alle Bauteile Ihrer WINNETOO Spielanlage.<\/p>\n<p>Alle Sicherheitsdetails entnehmen Sie den Montageanleitungen.<\/p>\n<h3>Materialeigenschaften, Pflege und Farbe<\/h3>\n<p>Holz ist ein nat\u00fcrlicher Baustoff, der auf Wetterfaktoren wie z.B. Feuchtigkeit und UV-Strahlung reagiert.<br \/>\nAlle Ma\u00dfangaben sind Circa-Ma\u00dfe. Bei Trockenheit schwindet Holz und bei Feuchtigkeit und N\u00e4sse dehnt es sich aus.<br \/>\nDiese Wechsel k\u00f6nnen zu Rissen im Holz f\u00fchren. Entstandene Trocknungsrisse sind nach DIN zul\u00e4ssig.<\/p>\n<p>Die UV-Strahlung im Sonnenlicht l\u00e4sst das Holz vergrauen.<br \/>\nAls Schutz und Pflege der Holzbauteile empfehlen wir die WINNETOO Spezialfarbe.<br \/>\nDie Farbe ist gepr\u00fcft und geeignet f\u00fcr Kinderspielzeug und Spielger\u00e4te im Innen- und Au\u00dfenbereich*. Nat\u00fcrlich ohne biozide Wirkstoffe und frei von Konservierungsstoffen.<br \/>\nUnsere WINNETOO Farbe ist in sechs Farbt\u00f6nen erh\u00e4ltlich, die untereinander mischbar sind oder mit Wolkenwei\u00df aufgehellt werden k\u00f6nnen.<\/p>\n<p>*gem\u00e4\u00df EN 71.3<br \/>\n*gem\u00e4\u00df DIN 53160 speichel- und schwei\u00dfecht<\/p>\n<p>Der im Online-Planer ermittelte Farbbedarf liefert ein ann\u00e4herndes Ergebnis. Der tats\u00e4chliche Farbverbrauch ist von verschiedenen Faktoren abh\u00e4ngig:<\/p>\n<ul>\n<li>Holzfeuchtigkeit<\/li>\n<li>Verarbeitungstemperatur<\/li>\n<li>Oberfl\u00e4che des Holzes &#8211; geriffelt oder glatt gehobelt<\/li>\n<li>einfacher oder doppelter Anstrich<\/li>\n<li>ggf. Mischungsverh\u00e4ltnis der Farben untereinander<\/li>\n<\/ul>\n<p>Streichen Sie Holzbauteile immer beidseitig. Eine nur einseitige Farbbehandlung kann zu starkem Verziehen des Holzes f\u00fchren und die Funktionalit\u00e4t beeintr\u00e4chtigen.<\/p>\n<\/div>\n<\/div>\n<div class=\"page-col-md-2\"><\/div>\n<\/div>\n<\/div>\n<p><\/p>","protected":false},"excerpt":{"rendered":"<p>Wichtige Hinweise &nbsp; Vom Entwurf zur Planung Mit dem WINNETOO Online-Planer konfigurieren Sie eine Spielanlage f\u00fcr den privaten Gebrauch nach Ihren W\u00fcnschen. Alle Konfigurationen sind Entw\u00fcrfe und m\u00fcssen f\u00fcr eine genaue Planung vom Verarbeiter gepr\u00fcft werden. Planungsrelevante Informationen finden Sie in den WINNETOO Montageanleitungen. Sicherheit Die Sicherheit der Kinder steht immer an erster Stelle! Beachten [&hellip;]<\/p>\n","protected":false},"author":1,"featured_media":0,"parent":0,"menu_order":0,"comment_status":"closed","ping_status":"closed","template":"template-home.php","meta":[],"_links":{"self":[{"href":"https:\/\/traumgarten.de\/winnetoo\/wp-json\/wp\/v2\/pages\/78"}],"collection":[{"href":"https:\/\/traumgarten.de\/winnetoo\/wp-json\/wp\/v2\/pages"}],"about":[{"href":"https:\/\/traumgarten.de\/winnetoo\/wp-json\/wp\/v2\/types\/page"}],"author":[{"embeddable":true,"href":"https:\/\/traumgarten.de\/winnetoo\/wp-json\/wp\/v2\/users\/1"}],"replies":[{"embeddable":true,"href":"https:\/\/traumgarten.de\/winnetoo\/wp-json\/wp\/v2\/comments?post=78"}],"version-history":[{"count":26,"href":"https:\/\/traumgarten.de\/winnetoo\/wp-json\/wp\/v2\/pages\/78\/revisions"}],"predecessor-version":[{"id":155,"href":"https:\/\/traumgarten.de\/winnetoo\/wp-json\/wp\/v2\/pages\/78\/revisions\/155"}],"wp:attachment":[{"href":"https:\/\/traumgarten.de\/winnetoo\/wp-json\/wp\/v2\/media?parent=78"}],"curies":[{"name":"wp","href":"https:\/\/api.w.org\/{rel}","templated":true}]}}