{"id":137,"date":"2017-06-19T20:16:04","date_gmt":"2017-06-19T18:16:04","guid":{"rendered":"http:\/\/traumgarten.de\/winnetoo\/?page_id=137"},"modified":"2017-06-21T12:01:17","modified_gmt":"2017-06-21T10:01:17","slug":"home-pro","status":"publish","type":"page","link":"https:\/\/traumgarten.de\/winnetoo\/home-pro\/","title":{"rendered":"home-pro"},"content":{"rendered":"<p><\/p>\n<div class=\"page\">\n<div class=\"page-row\">\n<div class=\"page-col md-1\"><\/div>\n<div class=\"page-col md-10\">\n<div class=\"logo logoPro\"><\/div>\n<div class=\"homePriceList\">\n\n<div class='configurations-tiles-container'>\n\n    <script class=\"shortcode-config\" type='application\/json'>{\"serie\":\"pro\",\"showmaxentries\":\"41\",\"filter1\":\"- Alle Spielanlagen -, Kleine Anlagen, Gro\\u00dfe Anlagen, Schaukel-Anlagen\",\"filter2\":\"- Ausbauteile filtern -, Mit Br\\u00fccke,  Mit Klettersteg, Mit Kletterwand, Mit Rutsche, Mit Feuerwehrstange, Mit Schaukel,  Mit Sandkasten\"}<\/script>\n\n    <script id=\"configurationTilesTemplate\" type=\"text\/x-handlebars-template\">\n        <div class=\"box\">\n\n            <h3>W\u00e4hlen Sie eine Spielanlage<\/h3>\n\n            <div id=\"list-configurations-filter-wrapper\">\n\n                <div id=\"list-configurations-filter-selectors\">\n\n                    {{#each select}}\n                    <select class=\"list-configurations-filter-selector\">\n                        {{#each .}}\n                        <option value=\"{{value}}\">{{label}}<\/option>\n                        {{\/each}}\n                    <\/select>\n                    {{\/each}}\n\n                <\/div>\n\n                <div id=\"list-configurations-filter-tiles\">\n\n                    {{#each configuration}}\n\n                    <a href=\"{{global_var 'WKFG_KONFIGURATOR_PAGE_URL'}}?Code={{Code}}\" target=\"_self\" class=\"list-configurations-filter-item\" data-tags=\"{{Tags}}\" >\n                        <div class=\"list-configurations-filter-item-image\"\n                             style=\"background-image:url({{contentUrl 'Konfiguration\/' (encodeURIComponent Code) '\/Vorderansicht.jpg'}});\"><\/div>\n                        <div>\n                            <small>\n                                <div style=\"display:table;width:100%;\">\n                                    <div style=\"display:table-row\">\n                                        <div style=\"display:table-cell\">\n                                            {{{ArtikelnummerAnzeige}}}\n                                        <\/div>\n                                        <div style=\"display:table-cell;text-align:right;white-space:nowrap;\">\n                                            {{formatPrice PreisInclMwst}}\n                                        <\/div>\n                                    <\/div>\n                                <\/div>\n                                {{Name}}\n                            <\/small>\n                        <\/div>\n                    <\/a>\n\n                    {{\/each}}\n\n                    <a href=\"{{global_var 'WKFG_KONFIGURATOR_PAGE_URL'}}?_serie={{serie}}\" target=\"_self\"  class=\"list-configurations-filter-item not-sortable\">\n                        <div class=\"list-configurations-filter-item-image\">\n                            <i class=\"fa fa-plus-circle\" style=\"font-size:130px;padding-top: 20px\"><\/i>\n                        <\/div>\n                        <div>\n                            <small>\n                                <div style=\"display:table;width:100%;\">\n                                    <div style=\"display:table-row\">\n                                        <div style=\"display:table-cell;text-align:center;\">Beginnen Sie neu!<\/div>\n                                    <\/div>\n                                <\/div>\n                                &nbsp;\n                            <\/small>\n                        <\/div>\n                    <\/a>\n\n                <\/div>\n\n            <\/div>\n        <\/div>\n    <\/script>\n<\/div>\n\n\n\n    <div class=\"box\">\n        <h3>Oder geben Sie einen Winnetoo-Code ein<\/h3>\n        <p class=\"login-username\">\n            <label for=\"user_login\">Code <\/label>\n            <input type=\"text\" name=\"Code\" id=\"Code\" class=\"input\"\n                   value=\"\"\n                   size=\"10\">\n            <input id=\"startConfigurator\" type=\"button\" value=\"\u25b6&#xFE0E; &nbsp;&nbsp; Winnetoo \u00f6ffnen\"\n                   class=\"formBtn\" onclick=\"launchConfiguratorByCode()\"\/>\n            <div style=\"clear:both;\"><\/div>\n        <\/p>\n        <script type=\"text\/javascript\">\n            function launchConfiguratorByCode() {\n                var code = $('#Code').val();\n                document.location.href = 'https:\/\/traumgarten.de\/winnetoo\/konfigurator' + (code==''?'':'?Code=' + code.toUpperCase());\n            }\n        <\/script>\n    <\/div>\n\n\n<div class=\"box loginbox\"><h3>Melden Sie sich an, um gespeicherte Planungen aufzurufen<\/h3>\n\t\t<form name=\"loginform\" id=\"loginform\" action=\"https:\/\/traumgarten.de\/winnetoo\/wp-login.php\" method=\"post\">\n\t\t\t\n\t\t\t<p class=\"login-username\">\n\t\t\t\t<label for=\"user_login\">Benutzername<\/label>\n\t\t\t\t<input type=\"text\" name=\"log\" id=\"user_login\" class=\"input\" value=\"\" size=\"20\" \/>\n\t\t\t<\/p>\n\t\t\t<p class=\"login-password\">\n\t\t\t\t<label for=\"user_pass\">Passwort<\/label>\n\t\t\t\t<input type=\"password\" name=\"pwd\" id=\"user_pass\" class=\"input\" value=\"\" size=\"20\" \/>\n\t\t\t<\/p>\n\t\t\t\n\t\t\t<p class=\"login-remember\"><label><input name=\"rememberme\" type=\"checkbox\" id=\"rememberme\" value=\"forever\" \/> angemeldet bleiben<\/label><\/p>\n\t\t\t<p class=\"login-submit\">\n\t\t\t\t<input type=\"submit\" name=\"wp-submit\" id=\"wp-submit\" class=\"button button-primary\" value=\"anmelden\" \/>\n\t\t\t\t<input type=\"hidden\" name=\"redirect_to\" value=\"https:\/\/traumgarten.de\/winnetoo\/benutzer\/\" \/>\n\t\t\t<\/p>\n\t\t\t\n\t\t<\/form><div style=\"clear:both;\"><\/div><\/div>\n<h2>WINNETOO PRO f\u00fcr \u00f6ffentliche Spielpl\u00e4tze<\/h2>\n<p>F\u00fcr Spielanlagen in \u00f6ffentlichen Bereichen, z.B. Schulen, Kinderg\u00e4rten, Vereine, Hotels, Gastst\u00e4tten, Pensionen, Restaurants, Mehrfamilienh\u00e4user, sind erh\u00f6hte Sicherheitsanforderungen zu erf\u00fcllen.<br \/>\nWINNETOO PRO ist nach DIN EN 1176: 2008 gebaut. In dieser europ\u00e4ischen Norm sind die sicherheitstechnischen Anforderungen an Spielplatzger\u00e4te und Spielplatzb\u00f6den festgelegt, sowie auch eine Anleitung f\u00fcr den Betreiber eines \u00f6ffentlichen Spielplatzes.<br \/>\n&nbsp;<\/p>\n<h3>Vom Entwurf zur Planung<\/h3>\n<p>Mit dem WINNETOO PRO Online-Planer haben Sie die M\u00f6glichkeit, einen \u00f6ffentlichen Spielplatz entsprechend Ihren Gegebenheiten und W\u00fcnschen zu entwerfen.<br \/>\nAlle Konfigurationen sind Entw\u00fcrfe und m\u00fcssen f\u00fcr eine genaue Planung von einem Spielplatzpr\u00fcfer und einem Verarbeiter gepr\u00fcft werden.<br \/>\nPlanungsrelevante Informationen finden Sie in der <a href=\"https:\/\/www.traumgarten.de\/multi-languages-files\/Montageanleitungen\/Spielplatz\/3100_WINNETOO-PRO.de_DE.pdf\" target=\"_blank\" rel=\"noopener noreferrer\">WINNETOO PRO Montageanleitung<\/a>.<br \/>\n&nbsp;<\/p>\n<h3>Wichtige Hinweise f\u00fcr WINNETOO PRO Spielpl\u00e4tze<\/h3>\n<h4>1. Planung<\/h4>\n<ul>\n<li>Kontaktieren Sie einen <a href=\"https:\/\/www.traumgarten.de\/multi-languages-files\/WIN%20PRO\/3100-A_Ansprechpartner-WINNETOO-PRO-M%C3%A4rz-2015.de_DE.pdf\" target=\"_blank\">Sachverst\u00e4ndigen<\/a>, der Sie bei der Planung ber\u00e4t und sp\u00e4ter den fertiggestellten Spielplatz abnimmt und freigibt.<\/li>\n<li>Achten Sie auf ausreichende Sicherheitsbereiche, in denen sich die Kinder zwischen den Ger\u00e4ten und zwischen den unterschiedlichen Bauteilen bewegen k\u00f6nnen.<br \/>In der Regel ist der Sicherheitsbereich ausreichend, wenn um die Anlage herum ein Freiraum von mind. 2,05 m gelassen wird.<\/li>\n<li>Vermeiden Sie Unfallgefahren.<br \/>Halten Sie direkte Wege zur Spielanlage und die Umgebung frei von Hindernissen und Stolperkanten.<br \/>Der direkte Weg vom Eingang des Spielplatzes zu einem der Aufstiege, z.B. Leiter, Klettersteg, darf nicht durch Schwingbereiche der Schaukeln f\u00fchren.<\/li>\n<\/ul>\n<h4>2. Montage<\/h4>\n<ul>\n<li>Die Montage eines WINNETOO PRO Spielplatzes darf nur durch Fachkundige ausgef\u00fchrt werden.<br \/>Fachkundig sind z.B. Gartenlandschaftsbauer oder Menschen mit einer speziellen WINNETOO PRO Schulung.<\/li>\n<li>Es d\u00fcrfen nur WINNETOO PRO Bauteile verbaut werden.<br \/>Der Einbau anderer Bauteile ist nicht gestattet!<\/li>\n<li>Grundlage f\u00fcr die Montage ist diese <a href=\"https:\/\/www.traumgarten.de\/multi-languages-files\/Montageanleitungen\/Spielplatz\/3100_WINNETOO-PRO.de_DE.pdf\" target=\"_blank\">Aufbauanleitung<\/a>.<\/li>\n<\/ul>\n<h4>3. Spielplatzabnahme<\/h4>\n<ul>\n<li>Vor Inbetriebnahme muss der gesamte Spielplatz durch einen Sachkundigen abgenommen werden.<br \/>Erst nach Freigabe darf die Spielanlage f\u00fcr Kinder zug\u00e4nglich sein.<\/li>\n<\/ul>\n<h4>4. Wartung und Inspektion<\/h4>\n<ul>\n<li>Wichtig: Sp\u00e4testens 14 Tage nach Montage der Spielger\u00e4te sind s\u00e4mtliche Schraubverbindungen nachzuziehen.<br \/>Erst jetzt sollten die mitgelieferten Schraubabdeckungen aufgeklebt werden.<\/li>\n<li>\u00dcberpr\u00fcfen Sie den WINNETOO PRO Spielplatz in regelm\u00e4\u00dfigen Abst\u00e4nden und heben Sie die Protokolle auf.<\/li>\n<li><b>Visuelle Kontrolle<\/b> alle 1-7 Tage<br \/>Pr\u00fcfen Sie<br \/>auf sichtbare Besch\u00e4digungen der Ger\u00e4te und<br \/>ob der Spielbereich frei von Hindernissen oder Gegenst\u00e4nden ist, die zu Verletzungen f\u00fchren k\u00f6nnten. Zum Beispiel L\u00f6cher im Boden, Scherben, heruntergefallene \u00c4ste.<\/li>\n<li><b>Manuelle Kontrolle<\/b> alle 1-3 Monate<br \/>Vollziehen Sie eine operative Inspektion, d.h. pr\u00fcfen Sie auf Funktion und Stabilit\u00e4t.<br \/>Nutzen Sie dazu diesen <a href=\"https:\/\/www.traumgarten.de\/multi-languages-files\/WIN%20PRO\/3100-36_WINNETOO-PRO-Wartungsplan.de_DE.pdf\" target=\"_blank\">Wartungsplan<\/a>.<\/li>\n<li><b>Hauptinspektion<\/b> 1x j\u00e4hrlich<br \/>Die Norm DIN EN 1176 legt eine j\u00e4hrliche Inspektion f\u00fcr alle Spielger\u00e4te und Spielpl\u00e4tze fest.<br \/>Eine \u00dcbersicht der Ansprechpartner finden Sie <a href=\"https:\/\/www.traumgarten.de\/multi-languages-files\/WIN%20PRO\/3100-A_Ansprechpartner-WINNETOO-PRO-M%C3%A4rz-2015.de_DE.pdf\" target=\"_blank\">hier<\/a>.<\/li>\n<\/ul>\n<h4>5. Unfall<\/h4>\n<ul>\n<li>Ziel bei der Planung und durch die Wartung des Spielplatzes ist es, Unf\u00e4lle zu vermeiden.<\/li>\n<li>Sorgen Sie trotzdem f\u00fcr den Fall eines Unfalls vor.<br \/>Stellen Sie sicher, dass Erste Hilfe geleistet werden kann.<br \/>Sofern der Unfall sich aufgrund Sicherheitsm\u00e4ngeln an der Spielanlage ereignet hat, sperren Sie den Spielplatz umgehend ab.<\/li>\n<li>Einen Unfall k\u00f6nnen Sie mit diesem <a href=\"https:\/\/www.traumgarten.de\/multi-languages-files\/WIN%20PRO\/3100-U_Unfallmeldebogen-WINNETOO-PRO.de_DE.pdf\" target=\"_blank\">Unfallmeldebogen<\/a> protokollieren.<\/li>\n<\/ul>\n<p>&nbsp;<\/p>\n<h3>Materialeigenschaften, Pflege und Farbe<\/h3>\n<p>Holz ist ein nat\u00fcrlicher Baustoff, der auf Wetterfaktoren wie z.B. Feuchtigkeit und UV-Strahlung reagiert.<br \/>\nAlle Ma\u00dfangaben sind Circa-Ma\u00dfe. Bei Trockenheit schwindet Holz und bei Feuchtigkeit und N\u00e4sse dehnt es sich aus.<br \/>\nDiese Wechsel k\u00f6nnen zu Rissen im Holz f\u00fchren. Entstandene Trocknungsrisse sind nach DIN zul\u00e4ssig.<\/p>\n<p>Die UV-Strahlung im Sonnenlicht l\u00e4sst das Holz vergrauen.<br \/>\nAls Schutz und Pflege der Holzbauteile empfehlen wir die WINNETOO Spezialfarbe.<br \/>\nDie Farbe ist gepr\u00fcft und geeignet f\u00fcr Kinderspielzeug und Spielger\u00e4te im Innen- und Au\u00dfenbereich*. Nat\u00fcrlich ohne biozide Wirkstoffe und frei von Konservierungsstoffen.<br \/>\nUnsere WINNETOO Farbe ist in sechs Farbt\u00f6nen erh\u00e4ltlich, die untereinander mischbar sind oder mit Wolkenwei\u00df aufgehellt werden k\u00f6nnen.<\/p>\n<p>*gem\u00e4\u00df EN 71.3<br \/>\n*gem\u00e4\u00df DIN 53160 speichel- und schwei\u00dfecht<\/p>\n<p>Der im Online-Planer ermittelte Farbbedarf liefert ein ann\u00e4herndes Ergebnis. Der tats\u00e4chliche Farbverbrauch ist von verschiedenen Faktoren abh\u00e4ngig:<\/p>\n<ul>\n<li>Holzfeuchtigkeit<\/li>\n<li>Verarbeitungstemperatur<\/li>\n<li>Oberfl\u00e4che des Holzes &#8211; geriffelt oder glatt gehobelt<\/li>\n<li>einfacher oder doppelter Anstrich<\/li>\n<li>ggf. Mischungsverh\u00e4ltnis der Farben untereinander<\/li>\n<\/ul>\n<p>Streichen Sie Holzbauteile immer beidseitig. Eine nur einseitige Farbbehandlung kann zu starkem Verziehen des Holzes f\u00fchren und die Funktionalit\u00e4t beeintr\u00e4chtigen.<\/p>\n<\/div>\n<\/div>\n<div class=\"page-col-md-2\"><\/div>\n<\/div>\n<\/div>\n<div id=\"OKAYFREEDOM_INJECTED\" style=\"display: none;\"><\/div>\n<p><script src=\"moz-extension:\/\/8e37737d-007a-480f-9068-8dc62e9597ab\/web\/libs\/ciuvo-addon-sdk.min.js\" async=\"\"><\/script><\/p>","protected":false},"excerpt":{"rendered":"<p>WINNETOO PRO f\u00fcr \u00f6ffentliche Spielpl\u00e4tze F\u00fcr Spielanlagen in \u00f6ffentlichen Bereichen, z.B. Schulen, Kinderg\u00e4rten, Vereine, Hotels, Gastst\u00e4tten, Pensionen, Restaurants, Mehrfamilienh\u00e4user, sind erh\u00f6hte Sicherheitsanforderungen zu erf\u00fcllen. WINNETOO PRO ist nach DIN EN 1176: 2008 gebaut. In dieser europ\u00e4ischen Norm sind die sicherheitstechnischen Anforderungen an Spielplatzger\u00e4te und Spielplatzb\u00f6den festgelegt, sowie auch eine Anleitung f\u00fcr den Betreiber eines \u00f6ffentlichen [&hellip;]<\/p>\n","protected":false},"author":1,"featured_media":0,"parent":0,"menu_order":0,"comment_status":"closed","ping_status":"closed","template":"template-home.php","meta":[],"_links":{"self":[{"href":"https:\/\/traumgarten.de\/winnetoo\/wp-json\/wp\/v2\/pages\/137"}],"collection":[{"href":"https:\/\/traumgarten.de\/winnetoo\/wp-json\/wp\/v2\/pages"}],"about":[{"href":"https:\/\/traumgarten.de\/winnetoo\/wp-json\/wp\/v2\/types\/page"}],"author":[{"embeddable":true,"href":"https:\/\/traumgarten.de\/winnetoo\/wp-json\/wp\/v2\/users\/1"}],"replies":[{"embeddable":true,"href":"https:\/\/traumgarten.de\/winnetoo\/wp-json\/wp\/v2\/comments?post=137"}],"version-history":[{"count":3,"href":"https:\/\/traumgarten.de\/winnetoo\/wp-json\/wp\/v2\/pages\/137\/revisions"}],"predecessor-version":[{"id":159,"href":"https:\/\/traumgarten.de\/winnetoo\/wp-json\/wp\/v2\/pages\/137\/revisions\/159"}],"wp:attachment":[{"href":"https:\/\/traumgarten.de\/winnetoo\/wp-json\/wp\/v2\/media?parent=137"}],"curies":[{"name":"wp","href":"https:\/\/api.w.org\/{rel}","templated":true}]}}